{"id":185,"date":"2016-09-16T15:48:54","date_gmt":"2016-09-16T15:48:54","guid":{"rendered":"http:\/\/werkstatt.fuelthemes.net\/werkstatt-collective\/?page_id=185"},"modified":"2025-09-11T13:44:12","modified_gmt":"2025-09-11T13:44:12","slug":"about-us-personal","status":"publish","type":"page","link":"https:\/\/www.traductivaonline.com\/?page_id=185","title":{"rendered":"\u00danete"},"content":{"rendered":"[vc_row thb_full_width=\u00bbtrue\u00bb thb_row_padding=\u00bbtrue\u00bb thb_column_padding=\u00bbtrue\u00bb full_height=\u00bbyes\u00bb content_placement=\u00bbmiddle\u00bb thb_divider_position=\u00bbbottom\u00bb][vc_column width=\u00bb1\/2&#8243; animation=\u00bbanimation fade-in\u00bb el_class=\u00bbfull-height\u00bb css=\u00bb.vc_custom_1605893653751{background-image: url(https:\/\/www.traductivaonline.com\/wp-content\/uploads\/2020\/11\/traductiva_unete.png?id=776) !important;background-position: center !important;background-repeat: no-repeat !important;background-size: cover !important;}\u00bb][\/vc_column][vc_column width=\u00bb1\/2&#8243; css=\u00bb.vc_custom_1474311147448{padding-top: 12% !important;padding-right: 15% !important;padding-bottom: 19% !important;padding-left: 15% !important;}\u00bb][vc_empty_space height=\u00bb50px\u00bb][vc_column_text]\n<h3>Si cumples los siguientes criterios y quieres formar parte de nuestra red de profesionales ponte en contacto con nosotros.<\/h3>\n[\/vc_column_text][vc_column_text]\n<p style=\"text-align: left;\"><strong>En Traductiva buscamos:<br \/>\n<\/strong>Traductores aut\u00f3nomos de ingl\u00e9s\/franc\u00e9s\/alem\u00e1n a espa\u00f1ol para traducir textos de car\u00e1cter t\u00e9cnico o general. Los candidatos deber\u00e1n tener experiencia demostrada en el \u00e1mbito de la traducci\u00f3n t\u00e9cnica, la traducci\u00f3n institucional y\/o los entornos web. Se valorar\u00e1 particularmente la experiencia en organizaciones internacionales. En el proceso de selecci\u00f3n se tendr\u00e1n en cuenta los conocimientos y la experiencia en el uso de herramientas de TAO. Se ruega enviar CV a rrhh@traductivaonline.com con correo de presentaci\u00f3n.<\/p>\n<p style=\"text-align: left;\"><strong>En Traductiva buscamos:<br \/>\n<\/strong>Ampliar nuestra red de profesionales e incorporar a un nuevo comercial aut\u00f3nomo<br \/>\nespecializado en el sector de los servicios ling\u00fc\u00edsticos.<br \/>\nSe ruega enviar CV a rrhh@traductivaonline.com con correo de presentaci\u00f3n.<\/p>\n[\/vc_column_text][\/vc_column][\/vc_row]\n","protected":false},"excerpt":{"rendered":"<p>[vc_row thb_full_width=\u00bbtrue\u00bb thb_row_padding=\u00bbtrue\u00bb thb_column_padding=\u00bbtrue\u00bb full_height=\u00bbyes\u00bb content_placement=\u00bbmiddle\u00bb thb_divider_position=\u00bbbottom\u00bb][vc_column width=\u00bb1\/2&#8243; animation=\u00bbanimation fade-in\u00bb el_class=\u00bbfull-height\u00bb css=\u00bb.vc_custom_1605893653751{background-image: url(https:\/\/www.traductivaonline.com\/wp-content\/uploads\/2020\/11\/traductiva_unete.png?id=776) !important;background-position: center !important;background-repeat: no-repeat !important;background-size: cover !important;}\u00bb][\/vc_column][vc_column width=\u00bb1\/2&#8243; css=\u00bb.vc_custom_1474311147448{padding-top: 12% !important;padding-right: 15% !important;padding-bottom: 19% !important;padding-left: 15% !important;}\u00bb][vc_empty_space height=\u00bb50px\u00bb][vc_column_text] Si cumples los siguientes criterios y quieres formar parte de nuestra red de profesionales ponte en contacto con nosotros. [\/vc_column_text][vc_column_text] En Traductiva buscamos: Traductores&hellip;<\/p>\n","protected":false},"author":1,"featured_media":0,"parent":0,"menu_order":0,"comment_status":"closed","ping_status":"closed","template":"","meta":[],"_links":{"self":[{"href":"https:\/\/www.traductivaonline.com\/index.php?rest_route=\/wp\/v2\/pages\/185"}],"collection":[{"href":"https:\/\/www.traductivaonline.com\/index.php?rest_route=\/wp\/v2\/pages"}],"about":[{"href":"https:\/\/www.traductivaonline.com\/index.php?rest_route=\/wp\/v2\/types\/page"}],"author":[{"embeddable":true,"href":"https:\/\/www.traductivaonline.com\/index.php?rest_route=\/wp\/v2\/users\/1"}],"replies":[{"embeddable":true,"href":"https:\/\/www.traductivaonline.com\/index.php?rest_route=%2Fwp%2Fv2%2Fcomments&post=185"}],"version-history":[{"count":11,"href":"https:\/\/www.traductivaonline.com\/index.php?rest_route=\/wp\/v2\/pages\/185\/revisions"}],"predecessor-version":[{"id":1067,"href":"https:\/\/www.traductivaonline.com\/index.php?rest_route=\/wp\/v2\/pages\/185\/revisions\/1067"}],"wp:attachment":[{"href":"https:\/\/www.traductivaonline.com\/index.php?rest_route=%2Fwp%2Fv2%2Fmedia&parent=185"}],"curies":[{"name":"wp","href":"https:\/\/api.w.org\/{rel}","templated":true}]}}